{"id":6142,"date":"2020-09-26T14:33:38","date_gmt":"2020-09-26T12:33:38","guid":{"rendered":"http:\/\/zsp6.walbrzych.edu.pl\/?page_id=6142"},"modified":"2022-09-28T05:16:26","modified_gmt":"2022-09-28T03:16:26","slug":"konkursy","status":"publish","type":"page","link":"https:\/\/zsp6.walbrzych.edu.pl\/index.php\/konkursy\/","title":{"rendered":"Konkursy zDolny \u015al\u0105zak"},"content":{"rendered":"\n<h1 class=\"wp-block-heading\"><span class=\"has-inline-color has-vivid-cyan-blue-color\">Edycja 2022\/2023<\/span><\/h1>\n\n\n\n<div class=\"wp-block-media-text alignwide has-media-on-the-right is-stacked-on-mobile\" style=\"grid-template-columns:auto 20%\"><figure class=\"wp-block-media-text__media\"><img decoding=\"async\" width=\"949\" height=\"1024\" src=\"https:\/\/zsp6.walbrzych.edu.pl\/wp-content\/uploads\/2022\/09\/zdolny-slazak-949x1024.png\" alt=\"\" class=\"wp-image-12612 size-full\" srcset=\"https:\/\/zsp6.walbrzych.edu.pl\/wp-content\/uploads\/2022\/09\/zdolny-slazak-949x1024.png 949w, https:\/\/zsp6.walbrzych.edu.pl\/wp-content\/uploads\/2022\/09\/zdolny-slazak-278x300.png 278w, https:\/\/zsp6.walbrzych.edu.pl\/wp-content\/uploads\/2022\/09\/zdolny-slazak-768x828.png 768w, https:\/\/zsp6.walbrzych.edu.pl\/wp-content\/uploads\/2022\/09\/zdolny-slazak.png 1388w\" sizes=\"(max-width: 949px) 100vw, 949px\" \/><\/figure><div class=\"wp-block-media-text__content\">\n<h2 class=\"wp-block-heading\"><span style=\"color:#925825\" class=\"has-inline-color\">Konkursy realizowane s\u0105 w ramach Dolno\u015bl\u0105skiego Systemu Wspierania Uzdolnie\u0144.<\/span><\/h2>\n<\/div><\/div>\n\n\n\n<div class=\"wp-block-media-text alignwide is-stacked-on-mobile\" style=\"grid-template-columns:21% auto\"><figure class=\"wp-block-media-text__media\"><img decoding=\"async\" width=\"1012\" height=\"1024\" src=\"https:\/\/zsp6.walbrzych.edu.pl\/wp-content\/uploads\/2022\/09\/lapka-1012x1024.png\" alt=\"\" class=\"wp-image-12424 size-full\" srcset=\"https:\/\/zsp6.walbrzych.edu.pl\/wp-content\/uploads\/2022\/09\/lapka-1012x1024.png 1012w, https:\/\/zsp6.walbrzych.edu.pl\/wp-content\/uploads\/2022\/09\/lapka-296x300.png 296w, https:\/\/zsp6.walbrzych.edu.pl\/wp-content\/uploads\/2022\/09\/lapka-768x777.png 768w, https:\/\/zsp6.walbrzych.edu.pl\/wp-content\/uploads\/2022\/09\/lapka.png 1084w\" sizes=\"(max-width: 1012px) 100vw, 1012px\" \/><\/figure><div class=\"wp-block-media-text__content\">\n<p class=\"has-large-font-size\"><strong><a href=\"https:\/\/zdolnyslazak.edu.pl\/pliki_pdf\/HARMONOGRAM%2022_23.pdf\">HARMONOGRAM (TERMINY) KONKURS\u00d3W<\/a><\/strong><br><strong><a href=\"https:\/\/zdolnyslazak.edu.pl\/pliki_pdf\/REGULAMIN%20KONKURS%C3%93W%20%202022_23_.pdf\">REGULAMIN KONKURS\u00d3W<\/a><\/strong><br><strong><a href=\"https:\/\/zdolnyslazak.edu.pl\/pliki_pdf\/KARTA%20ZG%C5%81OSZENIA.pdf\">KARTA ZG\u0141OSZENIA<\/a><\/strong><br><strong><a href=\"https:\/\/zdolnyslazak.edu.pl\/?site=arkusze\">ARKUSZE ARCHIWALNE (2018-2021)<\/a><\/strong><\/p>\n<\/div><\/div>\n\n\n\n<p><strong><span class=\"has-inline-color has-luminous-vivid-orange-color\">UWAGA UCZNIOWIE!<\/span><\/strong><br><span class=\"has-inline-color has-luminous-vivid-orange-color\"><strong>Ch\u0119\u0107 udzia\u0142u<\/strong> <strong>w poszczeg\u00f3lnych konkursach prosimy zg\u0142asza\u0107 swoim nauczycielom przedmiotowym.<\/strong><\/span><\/p>\n\n\n\n<p>strona organizatora konkurs\u00f3w <strong><a href=\"https:\/\/zdolnyslazak.edu.pl\/\">https:\/\/zdolnyslazak.edu.pl\/<\/a><\/strong><\/p>\n","protected":false},"excerpt":{"rendered":"<p>Edycja 2022\/2023 Konkursy realizowane s\u0105 w ramach Dolno\u015bl\u0105skiego Systemu Wspierania Uzdolnie\u0144. HARMONOGRAM (TERMINY) KONKURS\u00d3WREGULAMIN KONKURS\u00d3WKARTA ZG\u0141OSZENIAARKUSZE ARCHIWALNE (2018-2021) UWAGA UCZNIOWIE!Ch\u0119\u0107 udzia\u0142u w poszczeg\u00f3lnych konkursach prosimy zg\u0142asza\u0107 swoim nauczycielom przedmiotowym. strona <a class=\"read-more\" href=\"https:\/\/zsp6.walbrzych.edu.pl\/index.php\/konkursy\/\">Read More<\/a><\/p>\n","protected":false},"author":1,"featured_media":0,"parent":0,"menu_order":0,"comment_status":"closed","ping_status":"closed","template":"page-templates\/full-width.php","meta":[],"_links":{"self":[{"href":"https:\/\/zsp6.walbrzych.edu.pl\/index.php\/wp-json\/wp\/v2\/pages\/6142"}],"collection":[{"href":"https:\/\/zsp6.walbrzych.edu.pl\/index.php\/wp-json\/wp\/v2\/pages"}],"about":[{"href":"https:\/\/zsp6.walbrzych.edu.pl\/index.php\/wp-json\/wp\/v2\/types\/page"}],"author":[{"embeddable":true,"href":"https:\/\/zsp6.walbrzych.edu.pl\/index.php\/wp-json\/wp\/v2\/users\/1"}],"replies":[{"embeddable":true,"href":"https:\/\/zsp6.walbrzych.edu.pl\/index.php\/wp-json\/wp\/v2\/comments?post=6142"}],"version-history":[{"count":36,"href":"https:\/\/zsp6.walbrzych.edu.pl\/index.php\/wp-json\/wp\/v2\/pages\/6142\/revisions"}],"predecessor-version":[{"id":12637,"href":"https:\/\/zsp6.walbrzych.edu.pl\/index.php\/wp-json\/wp\/v2\/pages\/6142\/revisions\/12637"}],"wp:attachment":[{"href":"https:\/\/zsp6.walbrzych.edu.pl\/index.php\/wp-json\/wp\/v2\/media?parent=6142"}],"curies":[{"name":"wp","href":"https:\/\/api.w.org\/{rel}","templated":true}]}}